{"id":85,"date":"2020-03-31T23:15:56","date_gmt":"2020-03-31T21:15:56","guid":{"rendered":"http:\/\/petestruck.de\/?page_id=85"},"modified":"2023-06-29T11:48:40","modified_gmt":"2023-06-29T09:48:40","slug":"startseite","status":"publish","type":"page","link":"http:\/\/petestruck.de\/","title":{"rendered":"pete struck"},"content":{"rendered":"\n<p class=\"has-text-align-left\">Als Musiker, Producer, Songwriter und Autor hat er auf deutschem und internationalem Parkett seine au\u00dfergew\u00f6hnlich kreative Handschrift bis hin zur Goldenen verewigt. Wie ein Kalmar mit seinen Farben und Tentakeln spielt,  jongliert Pete Struck mit Sounds und Beats und der Vielseitigkeit, mehrere Instrumente gleichzeitig zu bedienen. Eine rhythmische Explosion, aber auch die Verwandlung in Sanftm\u00fctigkeit, verziert mit dem Sahneh\u00e4ubchen einer sehr lebendigen, souligen Stimme. Das Vermischen diverser Stilrichtungen,  immer mit einer kr\u00e4ftigen Priese R&amp;B,  ist seine musikalische Sprache und das Blut das durch seine Adern flie\u00dft.  Eine aufregende Reise durch neu interpretierte Klassiker deutsch- und englischsprachiger Eigenkompositionen lassen seine musikalischen Kreationen zu einem eindrucksvollen Erlebnis werden. Parallel zu seinen regelm\u00e4\u00dfigen Live-Eins\u00e4tzen, ist Pete leidenschaftlich in seinem Studio kreativ. Aber nicht nur als Instumealist,  sonder auch als Dj bewegt er sich durch die Musikwelt. Erst im letzten Jahr, Produzierte  Pete diverse Remixe, eigener aus der Vergangenheit bekannter Dance-Traks. Unter anderem liebt er die Herausforderung, Dance untypische Klassiker der letzten 20 Jahre,  in Nu-Disco, Funk und Fastchill-Traks zu verwandeln. Schon in k\u00fcrze, werden aus seinem Kreativst\u00fcbchen wieder H\u00f6rproben seiner Neukreationen auf die Reise geschickt. <\/p>\n\n\n\n<p><\/p>\n","protected":false},"excerpt":{"rendered":"<p>Als Musiker, Producer, Songwriter und Autor hat er auf deutschem und internationalem Parkett seine au\u00dfergew\u00f6hnlich kreative Handschrift bis hin zur Goldenen verewigt. Wie ein Kalmar mit seinen Farben und Tentakeln spielt, jongliert Pete Struck mit Sounds und Beats und der Vielseitigkeit, mehrere Instrumente gleichzeitig zu bedienen. Eine rhythmische Explosion, aber auch die Verwandlung in Sanftm\u00fctigkeit, &hellip; <\/p>\n<p class=\"link-more\"><a href=\"http:\/\/petestruck.de\/\" class=\"more-link\"><span class=\"screen-reader-text\">\u201epete struck\u201c<\/span> weiterlesen<\/a><\/p>\n","protected":false},"author":1,"featured_media":0,"parent":0,"menu_order":0,"comment_status":"closed","ping_status":"closed","template":"","meta":[],"_links":{"self":[{"href":"http:\/\/petestruck.de\/index.php?rest_route=\/wp\/v2\/pages\/85"}],"collection":[{"href":"http:\/\/petestruck.de\/index.php?rest_route=\/wp\/v2\/pages"}],"about":[{"href":"http:\/\/petestruck.de\/index.php?rest_route=\/wp\/v2\/types\/page"}],"author":[{"embeddable":true,"href":"http:\/\/petestruck.de\/index.php?rest_route=\/wp\/v2\/users\/1"}],"replies":[{"embeddable":true,"href":"http:\/\/petestruck.de\/index.php?rest_route=%2Fwp%2Fv2%2Fcomments&post=85"}],"version-history":[{"count":14,"href":"http:\/\/petestruck.de\/index.php?rest_route=\/wp\/v2\/pages\/85\/revisions"}],"predecessor-version":[{"id":308,"href":"http:\/\/petestruck.de\/index.php?rest_route=\/wp\/v2\/pages\/85\/revisions\/308"}],"wp:attachment":[{"href":"http:\/\/petestruck.de\/index.php?rest_route=%2Fwp%2Fv2%2Fmedia&parent=85"}],"curies":[{"name":"wp","href":"https:\/\/api.w.org\/{rel}","templated":true}]}}